{"id":887,"date":"2021-06-16T13:56:41","date_gmt":"2021-06-16T13:56:41","guid":{"rendered":"https:\/\/giannacorbisiero.com\/films\/"},"modified":"2021-06-23T14:28:32","modified_gmt":"2021-06-23T14:28:32","slug":"film","status":"publish","type":"page","link":"https:\/\/giannacorbisiero.com\/fr\/film\/","title":{"rendered":"Film"},"content":{"rendered":"<div class=\"wpb-content-wrapper\"><p>[vc_row css=\u00a0\u00bb.vc_custom_1623964025539{margin-top: 100px !important;margin-bottom: 0px !important;}\u00a0\u00bb][vc_column][vc_column_text]<\/p>\n<h3>La Chanson de l&rsquo;\u00e9l\u00e9phant (Elephant Song)<\/h3>\n<p>R\u00f4le : La diva Florence da Costa chante l&rsquo;aria \u00ab\u00a0O mio Babbino\u00a0\u00bb<\/p>\n<p>R\u00e9alisateur : Charles Biname<\/p>\n<p>Avec Xavier Dolan, Bruce Greenwood, Catherine Keener, Carrie-Anne Moss et Guy Nadon<\/p>\n<p>Grande Premi\u00e8re au festival international du film de Toronto 2014 (TIFF)[\/vc_column_text][\/vc_column][\/vc_row][vc_row css=\u00a0\u00bb.vc_custom_1623853854430{margin-top: 50px !important;}\u00a0\u00bb][vc_column][vc_masonry_media_grid style=\u00a0\u00bblazy\u00a0\u00bb grid_id=\u00a0\u00bbvc_gid:1624025360023-ee585749-6db3-9&Prime; include=\u00a0\u00bb862,840,864,866,869,871,873&Prime;][\/vc_column][\/vc_row][vc_row full_width=\u00a0\u00bbstretch_row\u00a0\u00bb css=\u00a0\u00bb.vc_custom_1623965787204{margin: 0px !important;padding: 50px !important;background-color: #25232b !important;}\u00a0\u00bb][vc_column width=\u00a0\u00bb1\/6&Prime; css=\u00a0\u00bb.vc_custom_1623965865089{margin-bottom: 0px !important;border-bottom-width: 0px !important;}\u00a0\u00bb][\/vc_column][vc_column width=\u00a0\u00bb2\/3&Prime; css=\u00a0\u00bb.vc_custom_1623965857892{margin-bottom: 0px !important;border-bottom-width: 0px !important;}\u00a0\u00bb][vc_column_text]<\/p>\n<p style=\"color: #fff; margin-left: 10px;\"><strong>Bande annonce officielle du film<\/strong><\/p>\n<div class=\"wondercarousellightbox_options\" data-skinsfoldername=\"\"  data-jsfolder=\"https:\/\/giannacorbisiero.com\/wp-content\/plugins\/wonderplugin-carousel\/engine\/\" style=\"display:none;\"><\/div>\r\n<div class=\"wonderplugincarousel-container\" id=\"wonderplugincarousel-container-20\" style=\"padding: 0px 0px 30px 0px;\"><div class=\"wonderplugincarousel\" id=\"wonderplugincarousel-20\" data-carouselid=\"20\" data-width=\"1120\" data-height=\"628\" data-skin=\"classic\" data-donotzoomin=\"false\" data-addpreloading=\"false\" data-multiplebyrow=\"false\" data-showimgtitle=\"false\" data-sameheight=\"false\" data-sameheightresponsive=\"false\" data-fullwidth=\"false\" data-centerimage=\"true\" data-fitimage=\"false\" data-fitcenterimage=\"true\" data-fixaspectratio=\"true\" data-autoplay=\"false\" data-random=\"false\" data-circular=\"true\" data-pauseonmouseover=\"true\" data-continuous=\"false\" data-responsive=\"true\" data-showhoveroverlay=\"false\" data-showhoveroverlayalways=\"false\" data-hidehoveroverlayontouch=\"true\" data-lightboxresponsive=\"true\" data-lightboxshownavigation=\"false\" data-lightboxnogroup=\"false\" data-lightboxshowtitle=\"false\" data-lightboxshowdescription=\"false\" data-lightboxaddsocialmedia=\"false\" data-usescreenquery=\"false\" data-donotinit=\"false\" data-addinitscript=\"false\" data-doshortcodeontext=\"false\" data-lightboxshowsocial=\"false\" data-lightboxshowemail=\"true\" data-lightboxshowfacebook=\"true\" data-lightboxshowtwitter=\"true\" data-lightboxshowpinterest=\"true\" data-lightboxsocialrotateeffect=\"true\" data-donotcircularforless=\"false\" data-deferloading=\"false\" data-enablelazyload=\"false\" data-usebase64=\"true\" data-limitvisibleitemstolength=\"true\" data-hidearrowsandbulletsforonepage=\"true\" data-showfirstlasthalf=\"false\" data-verticalflexheight=\"false\" data-hidebulletssmallscreen=\"false\" data-removeinlinecss=\"true\" data-lightboxinityoutube=\"true\" data-lightboxinitvimeo=\"true\" data-hidecontainerbeforeloaded=\"false\" data-hidecontaineroninit=\"true\" data-lightboximagekeepratio=\"true\" data-showplayvideo=\"true\" data-triggerresize=\"false\" data-lightboxfullscreenmode=\"false\" data-lightboxcloseonoverlay=\"true\" data-lightboxvideohidecontrols=\"false\" data-lightboxautoslide=\"false\" data-lightboxshowtimer=\"true\" data-lightboxshowplaybutton=\"false\" data-lightboxalwaysshownavarrows=\"false\" data-lightboxshowtitleprefix=\"false\" data-preloadingimage=\"loading-0.gif\" data-spacing=\"18\" data-rownumber=\"1\" data-visibleitems=\"3\" data-arrowstyle=\"always\" data-arrowimage=\"arrows-32-32-2.png\" data-arrowwidth=\"32\" data-arrowheight=\"32\" data-navstyle=\"bullets\" data-navimage=\"bullet-16-16-0.png\" data-navwidth=\"16\" data-navheight=\"16\" data-navspacing=\"8\" data-hoveroverlayimage=\"hoveroverlay-64-64-3.png\" data-lightboxthumbwidth=\"90\" data-lightboxthumbheight=\"60\" data-lightboxthumbtopmargin=\"12\" data-lightboxthumbbottommargin=\"4\" data-lightboxbarheight=\"64\" data-lightboxtitlebottomcss=\"{color:#333; font-size:14px; font-family:Armata,sans-serif,Arial; overflow:hidden; text-align:left;}\" data-lightboxdescriptionbottomcss=\"{color:#333; font-size:12px; font-family:Arial,Helvetica,sans-serif; overflow:hidden; text-align:left; margin:4px 0px 0px; padding: 0px;}\" data-continuousduration=\"5000\" data-autoplaydir=\"left\" data-scrollmode=\"page\" data-interval=\"3000\" data-transitionduration=\"1000\" data-lightboxtitlestyle=\"bottom\" data-lightboximagepercentage=\"75\" data-lightboxdefaultvideovolume=\"1\" data-lightboxoverlaybgcolor=\"#000\" data-lightboxoverlayopacity=\"0.9\" data-lightboxbgcolor=\"#fff\" data-lightboxtitleprefix=\"%NUM \/ %TOTAL\" data-lightboxtitleinsidecss=\"color:#fff; font-size:16px; font-family:Arial,Helvetica,sans-serif; overflow:hidden; text-align:left;\" data-lightboxdescriptioninsidecss=\"color:#fff; font-size:12px; font-family:Arial,Helvetica,sans-serif; overflow:hidden; text-align:left; margin:4px 0px 0px; padding: 0px;\" data-playvideoimage=\"playvideo-64-64-0.png\" data-playvideoimagepos=\"center\" data-imgtitle=\"title\" data-circularlimit=\"3\" data-deferloadingdelay=\"0\" data-firstlasthalfsmallscreen=\"640\" data-hidebulletssmallscreensize=\"480\" data-movemode=\"carousel\" data-moveduration=\"500\" data-lightboxsocialposition=\"position:absolute;top:100%;right:0;\" data-lightboxsocialpositionsmallscreen=\"position:absolute;top:100%;right:0;left:0;\" data-lightboxsocialdirection=\"horizontal\" data-lightboxsocialbuttonsize=\"32\" data-lightboxsocialbuttonfontsize=\"18\" data-sameheightmediumscreen=\"769\" data-sameheightmediumheight=\"200\" data-sameheightsmallscreen=\"415\" data-sameheightsmallheight=\"150\" data-triggerresizedelay=\"100\" data-lightboxslideinterval=\"5000\" data-lightboxtimerposition=\"bottom\" data-lightboxtimercolor=\"#dc572e\" data-lightboxtimeropacity=\"1\" data-lightboxbordersize=\"8\" data-lightboxborderradius=\"0\" data-screenquery='{ \"tablet\": { \"screenwidth\": 800, \"visibleitems\": 2 }, \"mobile\": { \"screenwidth\": 480, \"visibleitems\": 1 } }' data-jsfolder=\"https:\/\/giannacorbisiero.com\/wp-content\/plugins\/wonderplugin-carousel\/engine\/\" style=\"display:none;position:relative;margin:0 auto;width:100%;max-width:3360px;\" ><div class=\"amazingcarousel-list-container\" style=\"overflow:hidden;\"><ul class=\"amazingcarousel-list\"><li class=\"amazingcarousel-item\"><div class=\"amazingcarousel-item-container\"><div class=\"amazingcarousel-image\"><a href=\"https:\/\/www.youtube.com\/embed\/Efi5pj73nUc\" data-title=\"cuba-kiss\" data-width=\"1120\" data-height=\"628\" data-thumbnail=\"https:\/\/giannacorbisiero.com\/wp-content\/uploads\/2021\/06\/cuba-kiss-1024x428.jpg\" class=\"wondercarousellightbox wondercarousellightbox-20\" data-group=\"wondercarousellightbox-20\"><img decoding=\"async\" class=\"amazingcarousel-image-img\" src=\"https:\/\/giannacorbisiero.com\/wp-content\/uploads\/2021\/06\/cuba-kiss.jpg\" alt=\"\" data-title=\"cuba-kiss\" data-description=\"\" \/><\/a><\/div>\n<div class=\"amazingcarousel-title\">cuba-kiss<\/div><\/div><\/li><\/ul><div class=\"amazingcarousel-prev\"><\/div><div class=\"amazingcarousel-next\"><\/div><\/div><div class=\"amazingcarousel-nav\"><\/div><\/div><\/div><script>function wondercarousel_20_appendcss(csscode) {var head=document.head || document.getElementsByTagName(\"head\")[0];var style=document.createElement(\"style\");head.appendChild(style);style.type=\"text\/css\";if (style.styleSheet){style.styleSheet.cssText=csscode;} else {style.appendChild(document.createTextNode(csscode));}};wondercarousel_20_appendcss(\"@import url(https:\/\/fonts.googleapis.com\/css?family=Open+Sans);   #wonderplugincarousel-20 .amazingcarousel-image {\t \tposition: relative; \tpadding: 4px; }  #wonderplugincarousel-20 .amazingcarousel-image img { \tdisplay: block; \twidth: 100%; \tmax-width: 100%; \tborder: 0; \tmargin: 0; \tpadding: 0; \t-moz-border-radius: 0px; \t-webkit-border-radius: 0px; \tborder-radius: 0px; \t-moz-box-shadow:  0 1px 4px rgba(0, 0, 0, 0.2); \t-webkit-box-shadow: 0 1px 4px rgba(0, 0, 0, 0.2); \tbox-shadow: 0 1px 4px rgba(0, 0, 0, 0.2); }  #wonderplugincarousel-20 .amazingcarousel-title { \tposition:relative; \tfont:14px Open Sans, sans-serif; \tcolor:#333333; \tmargin:6px; \ttext-align:center; \ttext-shadow:0px 1px 1px #fff;         display: none; }  #wonderplugincarousel-20 .amazingcarousel-list-container {  \tpadding: 16px 0; }  #wonderplugincarousel-20 .amazingcarousel-item-container { \ttext-align: center; \tpadding: 4px; \tbackground-color: #fff; \tborder: 1px solid #ddd; \t-moz-box-shadow: 0px 0px 5px 1px rgba(96, 96, 96, 0.1); \t-webkit-box-shadow: 0px 0px 5px 1px rgba(96, 96, 96, 0.1); \tbox-shadow: 0px 0px 5px 1px rgba(96, 96, 96, 0.1); }  #wonderplugincarousel-20 .amazingcarousel-prev { \tleft: 0%; \ttop: 50%; \tmargin-left: -48px; \tmargin-top: -16px; }  #wonderplugincarousel-20 .amazingcarousel-next { \tright: 0%; \ttop: 50%; \tmargin-right: -48px; \tmargin-top: -16px; }  #wonderplugincarousel-20 .amazingcarousel-nav { \tposition: absolute; \twidth: 100%; \ttop: 100%; }  #wonderplugincarousel-20 .amazingcarousel-bullet-wrapper { \tmargin: 4px auto; }  .amazingcarousel-socialmedia-button { \tdisplay: inline-block; \tmargin: 4px; }  .amazingcarousel-socialmedia-button a { \tbox-shadow: none; }  .amazingcarousel-socialmedia-icon { \tdisplay:table-cell; \twidth:32px; \theight:32px; \tfont-size:18px; \tborder-radius:50%; \tcolor:#fff; \tvertical-align:middle; \ttext-align:center; \tcursor:pointer; \tpadding:0; }  .amazingcarousel-socialmedia-rotate { \ttransition: transform .4s ease-in;  }   .amazingcarousel-socialmedia-rotate:hover {  \ttransform: rotate(360deg);  } #wonderplugincarousel-20 .star-rating { \tdisplay: inline-block; }\");<\/script>[\/vc_column_text][\/vc_column][vc_column width=\u00a0\u00bb1\/6&Prime; css=\u00a0\u00bb.vc_custom_1623965852013{margin-bottom: 0px !important;border-bottom-width: 0px !important;}\u00a0\u00bb][\/vc_column][\/vc_row][vc_row full_width=\u00a0\u00bbstretch_row\u00a0\u00bb css=\u00a0\u00bb.vc_custom_1624023584248{margin-top: 0px !important;margin-right: 0px !important;margin-bottom: 0px !important;margin-left: 0px !important;padding-top: 50px !important;padding-right: 50px !important;padding-bottom: 50px !important;padding-left: 50px !important;}\u00a0\u00bb][vc_column width=\u00a0\u00bb1\/6&Prime; css=\u00a0\u00bb.vc_custom_1623965865089{margin-bottom: 0px !important;border-bottom-width: 0px !important;}\u00a0\u00bb][\/vc_column][vc_column width=\u00a0\u00bb2\/3&Prime; css=\u00a0\u00bb.vc_custom_1623965857892{margin-bottom: 0px !important;border-bottom-width: 0px !important;}\u00a0\u00bb][vc_column_text]<strong>\u00a0\u00a0 Puccini: \u201cO mio babbino caro\u201d<\/strong><br \/>\n<div class=\"wondercarousellightbox_options\" data-skinsfoldername=\"\"  data-jsfolder=\"https:\/\/giannacorbisiero.com\/wp-content\/plugins\/wonderplugin-carousel\/engine\/\" style=\"display:none;\"><\/div>\r\n<div class=\"wonderplugincarousel-container\" id=\"wonderplugincarousel-container-25\" style=\"padding: 0px 0px 30px 0px;\"><div class=\"wonderplugincarousel\" id=\"wonderplugincarousel-25\" data-carouselid=\"25\" data-width=\"1120\" data-height=\"166\" data-skin=\"classic\" data-donotzoomin=\"false\" data-addpreloading=\"false\" data-multiplebyrow=\"false\" data-showimgtitle=\"false\" data-sameheight=\"false\" data-sameheightresponsive=\"false\" data-fullwidth=\"false\" data-centerimage=\"true\" data-fitimage=\"false\" data-fitcenterimage=\"true\" data-fixaspectratio=\"true\" data-autoplay=\"true\" data-random=\"false\" data-circular=\"true\" data-pauseonmouseover=\"true\" data-continuous=\"false\" data-responsive=\"true\" data-showhoveroverlay=\"true\" data-showhoveroverlayalways=\"false\" data-hidehoveroverlayontouch=\"false\" data-lightboxresponsive=\"true\" data-lightboxshownavigation=\"false\" data-lightboxnogroup=\"false\" data-lightboxshowtitle=\"true\" data-lightboxshowdescription=\"false\" data-lightboxaddsocialmedia=\"false\" data-usescreenquery=\"false\" data-donotinit=\"false\" data-addinitscript=\"false\" data-doshortcodeontext=\"false\" data-lightboxshowsocial=\"false\" data-lightboxshowemail=\"true\" data-lightboxshowfacebook=\"true\" data-lightboxshowtwitter=\"true\" data-lightboxshowpinterest=\"true\" data-lightboxsocialrotateeffect=\"true\" data-donotcircularforless=\"false\" data-deferloading=\"false\" data-enablelazyload=\"false\" data-usebase64=\"true\" data-limitvisibleitemstolength=\"true\" data-hidearrowsandbulletsforonepage=\"true\" data-showfirstlasthalf=\"false\" data-verticalflexheight=\"false\" data-hidebulletssmallscreen=\"false\" data-removeinlinecss=\"true\" data-lightboxinityoutube=\"true\" data-lightboxinitvimeo=\"true\" data-hidecontainerbeforeloaded=\"false\" data-hidecontaineroninit=\"true\" data-lightboximagekeepratio=\"true\" data-showplayvideo=\"true\" data-triggerresize=\"false\" data-lightboxfullscreenmode=\"false\" data-lightboxcloseonoverlay=\"true\" data-lightboxvideohidecontrols=\"false\" data-lightboxautoslide=\"false\" data-lightboxshowtimer=\"true\" data-lightboxshowplaybutton=\"false\" data-lightboxalwaysshownavarrows=\"false\" data-lightboxshowtitleprefix=\"false\" data-preloadingimage=\"loading-0.gif\" data-spacing=\"18\" data-rownumber=\"1\" data-visibleitems=\"3\" data-arrowstyle=\"always\" data-arrowimage=\"arrows-32-32-2.png\" data-arrowwidth=\"32\" data-arrowheight=\"32\" data-navstyle=\"bullets\" data-navimage=\"bullet-16-16-0.png\" data-navwidth=\"16\" data-navheight=\"16\" data-navspacing=\"8\" data-hoveroverlayimage=\"hoveroverlay-64-64-3.png\" data-lightboxthumbwidth=\"90\" data-lightboxthumbheight=\"60\" data-lightboxthumbtopmargin=\"12\" data-lightboxthumbbottommargin=\"4\" data-lightboxbarheight=\"64\" data-lightboxtitlebottomcss=\"{color:#333; font-size:14px; font-family:Armata,sans-serif,Arial; overflow:hidden; text-align:left;}\" data-lightboxdescriptionbottomcss=\"{color:#333; font-size:12px; font-family:Arial,Helvetica,sans-serif; overflow:hidden; text-align:left; margin:4px 0px 0px; padding: 0px;}\" data-continuousduration=\"5000\" data-autoplaydir=\"left\" data-scrollmode=\"page\" data-interval=\"3000\" data-transitionduration=\"1000\" data-lightboxtitlestyle=\"bottom\" data-lightboximagepercentage=\"75\" data-lightboxdefaultvideovolume=\"1\" data-lightboxoverlaybgcolor=\"#000\" data-lightboxoverlayopacity=\"0.9\" data-lightboxbgcolor=\"#fff\" data-lightboxtitleprefix=\"%NUM \/ %TOTAL\" data-lightboxtitleinsidecss=\"color:#fff; font-size:16px; font-family:Arial,Helvetica,sans-serif; overflow:hidden; text-align:left;\" data-lightboxdescriptioninsidecss=\"color:#fff; font-size:12px; font-family:Arial,Helvetica,sans-serif; overflow:hidden; text-align:left; margin:4px 0px 0px; padding: 0px;\" data-playvideoimage=\"playvideo-64-64-0.png\" data-playvideoimagepos=\"center\" data-imgtitle=\"title\" data-circularlimit=\"3\" data-deferloadingdelay=\"0\" data-firstlasthalfsmallscreen=\"640\" data-hidebulletssmallscreensize=\"480\" data-movemode=\"carousel\" data-moveduration=\"500\" data-lightboxsocialposition=\"position:absolute;top:100%;right:0;\" data-lightboxsocialpositionsmallscreen=\"position:absolute;top:100%;right:0;left:0;\" data-lightboxsocialdirection=\"horizontal\" data-lightboxsocialbuttonsize=\"32\" data-lightboxsocialbuttonfontsize=\"18\" data-sameheightmediumscreen=\"769\" data-sameheightmediumheight=\"200\" data-sameheightsmallscreen=\"415\" data-sameheightsmallheight=\"150\" data-triggerresizedelay=\"100\" data-lightboxslideinterval=\"5000\" data-lightboxtimerposition=\"bottom\" data-lightboxtimercolor=\"#dc572e\" data-lightboxtimeropacity=\"1\" data-lightboxbordersize=\"8\" data-lightboxborderradius=\"0\" data-screenquery='{ \"tablet\": { \"screenwidth\": 800, \"visibleitems\": 2 }, \"mobile\": { \"screenwidth\": 480, \"visibleitems\": 1 } }' data-jsfolder=\"https:\/\/giannacorbisiero.com\/wp-content\/plugins\/wonderplugin-carousel\/engine\/\" style=\"display:none;position:relative;margin:0 auto;width:100%;max-width:3360px;\" ><div class=\"amazingcarousel-list-container\" style=\"overflow:hidden;\"><ul class=\"amazingcarousel-list\"><li class=\"amazingcarousel-item\"><div class=\"amazingcarousel-item-container\"><iframe loading=\"lazy\" width=\"100%\" height=\"166\" scrolling=\"no\" frameborder=\"no\" allow=\"autoplay\" src=\"https:\/\/w.soundcloud.com\/player\/?url=https%3A\/\/api.soundcloud.com\/tracks\/1069211719&amp;color=%2393abca&amp;auto_play=false&amp;hide_related=false&amp;show_comments=true&amp;show_user=true&amp;show_reposts=false&amp;show_teaser=true\"><\/iframe><\/div><\/li><\/ul><div class=\"amazingcarousel-prev\"><\/div><div class=\"amazingcarousel-next\"><\/div><\/div><div class=\"amazingcarousel-nav\"><\/div><\/div><\/div><script>function wondercarousel_25_appendcss(csscode) {var head=document.head || document.getElementsByTagName(\"head\")[0];var style=document.createElement(\"style\");head.appendChild(style);style.type=\"text\/css\";if (style.styleSheet){style.styleSheet.cssText=csscode;} else {style.appendChild(document.createTextNode(csscode));}};wondercarousel_25_appendcss(\"@import url(https:\/\/fonts.googleapis.com\/css?family=Open+Sans);   #wonderplugincarousel-25 .amazingcarousel-image {\t \tposition: relative; \tpadding: 4px; }  #wonderplugincarousel-25 .amazingcarousel-image img { \tdisplay: block; \twidth: 100%; \tmax-width: 100%; \tborder: 0; \tmargin: 0; \tpadding: 0; \t-moz-border-radius: 0px; \t-webkit-border-radius: 0px; \tborder-radius: 0px; \t-moz-box-shadow:  0 1px 4px rgba(0, 0, 0, 0.2); \t-webkit-box-shadow: 0 1px 4px rgba(0, 0, 0, 0.2); \tbox-shadow: 0 1px 4px rgba(0, 0, 0, 0.2); }  #wonderplugincarousel-25 .amazingcarousel-title { \tposition:relative; \tfont:14px Open Sans, sans-serif; \tcolor:#333333; \tmargin:6px; \ttext-align:center; \ttext-shadow:0px 1px 1px #fff; }  #wonderplugincarousel-25 .amazingcarousel-list-container {  \tpadding: 16px 0; }  #wonderplugincarousel-25 .amazingcarousel-item-container { \ttext-align: center; \tpadding: 4px; \tbackground-color: #fff; \tborder: 1px solid #ddd; \t-moz-box-shadow: 0px 0px 5px 1px rgba(96, 96, 96, 0.1); \t-webkit-box-shadow: 0px 0px 5px 1px rgba(96, 96, 96, 0.1); \tbox-shadow: 0px 0px 5px 1px rgba(96, 96, 96, 0.1); }  #wonderplugincarousel-25 .amazingcarousel-prev { \tleft: 0%; \ttop: 50%; \tmargin-left: -48px; \tmargin-top: -16px; }  #wonderplugincarousel-25 .amazingcarousel-next { \tright: 0%; \ttop: 50%; \tmargin-right: -48px; \tmargin-top: -16px; }  #wonderplugincarousel-25 .amazingcarousel-nav { \tposition: absolute; \twidth: 100%; \ttop: 100%; }  #wonderplugincarousel-25 .amazingcarousel-bullet-wrapper { \tmargin: 4px auto; }  .amazingcarousel-socialmedia-button { \tdisplay: inline-block; \tmargin: 4px; }  .amazingcarousel-socialmedia-button a { \tbox-shadow: none; }  .amazingcarousel-socialmedia-icon { \tdisplay:table-cell; \twidth:32px; \theight:32px; \tfont-size:18px; \tborder-radius:50%; \tcolor:#fff; \tvertical-align:middle; \ttext-align:center; \tcursor:pointer; \tpadding:0; }  .amazingcarousel-socialmedia-rotate { \ttransition: transform .4s ease-in;  }   .amazingcarousel-socialmedia-rotate:hover {  \ttransform: rotate(360deg);  } #wonderplugincarousel-25 .star-rating { \tdisplay: inline-block; }\");<\/script>[\/vc_column_text][\/vc_column][vc_column width=\u00a0\u00bb1\/6&Prime; css=\u00a0\u00bb.vc_custom_1623965852013{margin-bottom: 0px !important;border-bottom-width: 0px !important;}\u00a0\u00bb][\/vc_column][\/vc_row]<\/p>\n<\/div>","protected":false},"excerpt":{"rendered":"<p>[vc_row css=\u00a0\u00bb.vc_custom_1623964025539{margin-top: 100px !important;margin-bottom: 0px !important;}\u00a0\u00bb][vc_column][vc_column_text] La Chanson de l&rsquo;\u00e9l\u00e9phant (Elephant Song) R\u00f4le : La diva Florence da Costa chante l&rsquo;aria \u00ab\u00a0O mio Babbino\u00a0\u00bb R\u00e9alisateur : Charles Biname Avec Xavier Dolan, Bruce Greenwood, Catherine Keener, Carrie-Anne Moss et Guy Nadon<span class=\"excerpt-hellip\"> [\u2026]<\/span><\/p>\n","protected":false},"author":1,"featured_media":0,"parent":0,"menu_order":0,"comment_status":"closed","ping_status":"closed","template":"","meta":{"footnotes":""},"class_list":["post-887","page","type-page","status-publish","hentry"],"_links":{"self":[{"href":"https:\/\/giannacorbisiero.com\/fr\/wp-json\/wp\/v2\/pages\/887","targetHints":{"allow":["GET"]}}],"collection":[{"href":"https:\/\/giannacorbisiero.com\/fr\/wp-json\/wp\/v2\/pages"}],"about":[{"href":"https:\/\/giannacorbisiero.com\/fr\/wp-json\/wp\/v2\/types\/page"}],"author":[{"embeddable":true,"href":"https:\/\/giannacorbisiero.com\/fr\/wp-json\/wp\/v2\/users\/1"}],"replies":[{"embeddable":true,"href":"https:\/\/giannacorbisiero.com\/fr\/wp-json\/wp\/v2\/comments?post=887"}],"version-history":[{"count":14,"href":"https:\/\/giannacorbisiero.com\/fr\/wp-json\/wp\/v2\/pages\/887\/revisions"}],"predecessor-version":[{"id":952,"href":"https:\/\/giannacorbisiero.com\/fr\/wp-json\/wp\/v2\/pages\/887\/revisions\/952"}],"wp:attachment":[{"href":"https:\/\/giannacorbisiero.com\/fr\/wp-json\/wp\/v2\/media?parent=887"}],"curies":[{"name":"wp","href":"https:\/\/api.w.org\/{rel}","templated":true}]}}